{"id":11,"date":"2016-01-23T19:27:53","date_gmt":"2016-01-23T18:27:53","guid":{"rendered":"http:\/\/www.ssf-stuttgart.de\/wordpress\/?page_id=11"},"modified":"2025-04-17T10:23:10","modified_gmt":"2025-04-17T08:23:10","slug":"gaeste","status":"publish","type":"page","link":"http:\/\/www.ssf-stuttgart.de\/wordpress\/hallo\/gaeste\/","title":{"rendered":"G\u00e4ste"},"content":{"rendered":"<h3>Wir empfangen gerne G\u00e4ste<\/h3>\n<p>Durch die gute Erreichbarkeit nutzen viele G\u00e4ste aus dem Norden unser Gel\u00e4nde als Etappe auf ihrem Weg zum oder vom Urlaub im S\u00fcden Europas. H\u00e4ufig wurde aus einem Zwischenstopp auch ein l\u00e4ngerer Aufenthalt. Wichtig f\u00fcr G\u00e4ste: Wir sind ein Naturistenverein. Bei uns auf dem Gel\u00e4nde bewegen wir uns nackt, wenn es die Witterung zul\u00e4\u00dft. Haustiere sind bei uns nicht gestattet.<\/p>\n<p>Telefonische Anmeldung jederzeit unter +49 176 96055019.<\/p>\n<p>Eine vorherige telefonische oder schriftliche Kontaktaufnahme ist wegen der begrenzten Anzahl an G\u00e4stepl\u00e4tzen zu empfehlen.<\/p>\n<p>Der Sport- und\u00a0 Freizeitpark Wurmberg liegt in unmittelbarer N\u00e4he der Autobahn A8 Karlsruhe \/ Stuttgart an der Anschlussstelle Pforzheim-S\u00fcd (Wurmberg) und bietet einen optimalen Ausgangspunkt f\u00fcr weitere interessante Ziele im Umkreis.<\/p>\n","protected":false},"excerpt":{"rendered":"<p>Wir empfangen gerne G\u00e4ste Durch die gute Erreichbarkeit nutzen viele G\u00e4ste aus dem Norden unser Gel\u00e4nde als Etappe auf ihrem Weg zum oder vom Urlaub im S\u00fcden Europas. H\u00e4ufig wurde aus einem Zwischenstopp auch ein l\u00e4ngerer Aufenthalt. Wichtig f\u00fcr G\u00e4ste: Wir sind ein Naturistenverein. Bei uns auf dem Gel\u00e4nde bewegen wir uns nackt, wenn es &hellip; <a href=\"http:\/\/www.ssf-stuttgart.de\/wordpress\/hallo\/gaeste\/\" class=\"more-link\"><span class=\"screen-reader-text\">G\u00e4ste<\/span> weiterlesen <span class=\"meta-nav\">&rarr;<\/span><\/a><\/p>\n","protected":false},"author":1,"featured_media":0,"parent":1995,"menu_order":0,"comment_status":"closed","ping_status":"closed","template":"","meta":{"footnotes":""},"class_list":["post-11","page","type-page","status-publish","hentry"],"_links":{"self":[{"href":"http:\/\/www.ssf-stuttgart.de\/wordpress\/wp-json\/wp\/v2\/pages\/11","targetHints":{"allow":["GET"]}}],"collection":[{"href":"http:\/\/www.ssf-stuttgart.de\/wordpress\/wp-json\/wp\/v2\/pages"}],"about":[{"href":"http:\/\/www.ssf-stuttgart.de\/wordpress\/wp-json\/wp\/v2\/types\/page"}],"author":[{"embeddable":true,"href":"http:\/\/www.ssf-stuttgart.de\/wordpress\/wp-json\/wp\/v2\/users\/1"}],"replies":[{"embeddable":true,"href":"http:\/\/www.ssf-stuttgart.de\/wordpress\/wp-json\/wp\/v2\/comments?post=11"}],"version-history":[{"count":12,"href":"http:\/\/www.ssf-stuttgart.de\/wordpress\/wp-json\/wp\/v2\/pages\/11\/revisions"}],"predecessor-version":[{"id":2367,"href":"http:\/\/www.ssf-stuttgart.de\/wordpress\/wp-json\/wp\/v2\/pages\/11\/revisions\/2367"}],"up":[{"embeddable":true,"href":"http:\/\/www.ssf-stuttgart.de\/wordpress\/wp-json\/wp\/v2\/pages\/1995"}],"wp:attachment":[{"href":"http:\/\/www.ssf-stuttgart.de\/wordpress\/wp-json\/wp\/v2\/media?parent=11"}],"curies":[{"name":"wp","href":"https:\/\/api.w.org\/{rel}","templated":true}]}}