{"id":1147,"date":"2019-05-28T13:18:25","date_gmt":"2019-05-28T11:18:25","guid":{"rendered":"http:\/\/www.ssf-stuttgart.de\/wordpress\/?page_id=1147"},"modified":"2020-01-17T19:46:19","modified_gmt":"2020-01-17T18:46:19","slug":"bilder-2","status":"publish","type":"page","link":"http:\/\/www.ssf-stuttgart.de\/wordpress\/mitglieder\/bilder-2\/","title":{"rendered":"Fr\u00fchjahrswanderung 2019 Rund um das B\u00e4renschl\u00f6ssle"},"content":{"rendered":"","protected":true},"excerpt":{"rendered":"","protected":true},"author":4,"featured_media":1157,"parent":266,"menu_order":12,"comment_status":"closed","ping_status":"closed","template":"","meta":{"footnotes":""},"class_list":["post-1147","page","type-page","status-publish","post-password-required","hentry"],"_links":{"self":[{"href":"http:\/\/www.ssf-stuttgart.de\/wordpress\/wp-json\/wp\/v2\/pages\/1147","targetHints":{"allow":["GET"]}}],"collection":[{"href":"http:\/\/www.ssf-stuttgart.de\/wordpress\/wp-json\/wp\/v2\/pages"}],"about":[{"href":"http:\/\/www.ssf-stuttgart.de\/wordpress\/wp-json\/wp\/v2\/types\/page"}],"author":[{"embeddable":true,"href":"http:\/\/www.ssf-stuttgart.de\/wordpress\/wp-json\/wp\/v2\/users\/4"}],"replies":[{"embeddable":true,"href":"http:\/\/www.ssf-stuttgart.de\/wordpress\/wp-json\/wp\/v2\/comments?post=1147"}],"version-history":[{"count":2,"href":"http:\/\/www.ssf-stuttgart.de\/wordpress\/wp-json\/wp\/v2\/pages\/1147\/revisions"}],"predecessor-version":[{"id":1159,"href":"http:\/\/www.ssf-stuttgart.de\/wordpress\/wp-json\/wp\/v2\/pages\/1147\/revisions\/1159"}],"up":[{"embeddable":true,"href":"http:\/\/www.ssf-stuttgart.de\/wordpress\/wp-json\/wp\/v2\/pages\/266"}],"wp:featuredmedia":[{"embeddable":true,"href":"http:\/\/www.ssf-stuttgart.de\/wordpress\/wp-json\/wp\/v2\/media\/1157"}],"wp:attachment":[{"href":"http:\/\/www.ssf-stuttgart.de\/wordpress\/wp-json\/wp\/v2\/media?parent=1147"}],"curies":[{"name":"wp","href":"https:\/\/api.w.org\/{rel}","templated":true}]}}