{"id":13,"date":"2016-01-23T19:35:32","date_gmt":"2016-01-23T18:35:32","guid":{"rendered":"http:\/\/www.ssf-stuttgart.de\/wordpress\/?page_id=13"},"modified":"2025-05-25T09:37:28","modified_gmt":"2025-05-25T07:37:28","slug":"kosten-2","status":"publish","type":"page","link":"http:\/\/www.ssf-stuttgart.de\/wordpress\/hallo\/kosten-2\/","title":{"rendered":"Kosten"},"content":{"rendered":"<p><strong>Die wichtigsten Kosten<\/strong><\/p>\n<p><strong>Jahresbeitr\u00e4ge<\/strong><\/p>\n<p>pro Mitgliedseinheit (Familie, Lebensgemeinschaft) <strong>110 Euro<\/strong><br \/>\npro Mitgliedseinheit (Einzelperson) <strong>90 Euro<\/strong><br \/>\npro Sport- und F\u00f6rdermitglied (Familie, Lebensg.) <strong>65 Euro<\/strong><br \/>\npro Sport- und F\u00f6rdermitglied (Einzelperson) <strong>35 Euro<\/strong><\/p>\n<p>Aufnahmegeb\u00fchr pro Erwachsener <strong>25 Euro<\/strong><\/p>\n<p>Kinder und Jugendliche sind beitragsfrei. In diesen Beitr\u00e4gen sind enthalten: Der Naturisten-Ausweis und die j\u00e4hrliche DFK\/INF-Marke (Marke der Internationalen Naturisten-F\u00f6deration).<\/p>\n<p><strong>Stellplatzmieten und -geb\u00fchren f\u00fcr Mitglieder<\/strong><\/p>\n<p>Stellplatzmiete \u00a0pro Kalenderjahr\u00a0 <strong>450 Euro<\/strong><br \/>\nBetriebskosten \u00a0pro Monat \/ Duschkostenpauschale\u00a0 <strong>10,00 Euro<\/strong><br \/>\nStrom \u00a0pro kW\u00a0 <strong>0,50 Euro<\/strong><br \/>\nStellplatzkaution\u00a0 <strong>400 Euro<\/strong><\/p>\n<p>Saisonplatz (15.04. bis 15.10.)\u00a0 <strong>300 Euro<br \/>\n<\/strong>Stellplatzkaution <strong>200 Euro<br \/>\n<\/strong>Strom pro KW\u00a0<strong>0,50 Euro<\/strong><\/p>\n<p><strong>Tagesgeb\u00fchr<\/strong><\/p>\n<p>pro Erwachsener pro Tag: G\u00e4ste, Sport- und F\u00f6rdermitglieder\u00a0 <strong>4,00 Euro<br \/>\n<\/strong>pro Kind\/Judendlicher pro Tag\u00a0 <strong>1,00 Euro<\/strong><\/p>\n<p><strong>Gastplatz<\/strong><\/p>\n<p>G\u00e4ste pro Nacht inkl. 2 Erwachsener\u00a0\u00a0<strong> 25,00 Euro<br \/>\n<\/strong>Mitglieder pro Nacht inkl. 2 Erwachsener\u00a0 <strong>15,00 Euro<br \/>\n<\/strong>zus\u00e4tzlich pro Kind oder Jugendlicher bis 18 Jahre<strong>\u00a0 1,00 Euro<br \/>\nAnreise <\/strong>von 14:00 Uhr bis 20:0 Uhr, <strong>Abreise <\/strong>bis 16:00 Uhr<\/p>\n<p><strong>Haustiere sind auf unserem Platz leider nicht erlaubt!<\/strong><\/p>\n<p>Stand der Preise: April 2025<\/p>\n<p><strong>F\u00fcr Mitglieder haben noch eine geringe Anzahl von Ganzjahresstellpl\u00e4tzen frei. Dar\u00fcber hinaus stehen auch f\u00fcr Nichtmitglieder eine begrenzte Anzahl von Abstellpl\u00e4tzen auf Anfrage zur Verf\u00fcgung (Miete:25,00 Euro pro Monat).<\/strong><\/p>\n<p>&nbsp;<\/p>\n","protected":false},"excerpt":{"rendered":"<p>Die wichtigsten Kosten Jahresbeitr\u00e4ge pro Mitgliedseinheit (Familie, Lebensgemeinschaft) 110 Euro pro Mitgliedseinheit (Einzelperson) 90 Euro pro Sport- und F\u00f6rdermitglied (Familie, Lebensg.) 65 Euro pro Sport- und F\u00f6rdermitglied (Einzelperson) 35 Euro Aufnahmegeb\u00fchr pro Erwachsener 25 Euro Kinder und Jugendliche sind beitragsfrei. In diesen Beitr\u00e4gen sind enthalten: Der Naturisten-Ausweis und die j\u00e4hrliche DFK\/INF-Marke (Marke der Internationalen Naturisten-F\u00f6deration). &hellip; <a href=\"http:\/\/www.ssf-stuttgart.de\/wordpress\/hallo\/kosten-2\/\" class=\"more-link\"><span class=\"screen-reader-text\">Kosten<\/span> weiterlesen <span class=\"meta-nav\">&rarr;<\/span><\/a><\/p>\n","protected":false},"author":1,"featured_media":0,"parent":1995,"menu_order":0,"comment_status":"closed","ping_status":"closed","template":"","meta":{"footnotes":""},"class_list":["post-13","page","type-page","status-publish","hentry"],"_links":{"self":[{"href":"http:\/\/www.ssf-stuttgart.de\/wordpress\/wp-json\/wp\/v2\/pages\/13","targetHints":{"allow":["GET"]}}],"collection":[{"href":"http:\/\/www.ssf-stuttgart.de\/wordpress\/wp-json\/wp\/v2\/pages"}],"about":[{"href":"http:\/\/www.ssf-stuttgart.de\/wordpress\/wp-json\/wp\/v2\/types\/page"}],"author":[{"embeddable":true,"href":"http:\/\/www.ssf-stuttgart.de\/wordpress\/wp-json\/wp\/v2\/users\/1"}],"replies":[{"embeddable":true,"href":"http:\/\/www.ssf-stuttgart.de\/wordpress\/wp-json\/wp\/v2\/comments?post=13"}],"version-history":[{"count":24,"href":"http:\/\/www.ssf-stuttgart.de\/wordpress\/wp-json\/wp\/v2\/pages\/13\/revisions"}],"predecessor-version":[{"id":2378,"href":"http:\/\/www.ssf-stuttgart.de\/wordpress\/wp-json\/wp\/v2\/pages\/13\/revisions\/2378"}],"up":[{"embeddable":true,"href":"http:\/\/www.ssf-stuttgart.de\/wordpress\/wp-json\/wp\/v2\/pages\/1995"}],"wp:attachment":[{"href":"http:\/\/www.ssf-stuttgart.de\/wordpress\/wp-json\/wp\/v2\/media?parent=13"}],"curies":[{"name":"wp","href":"https:\/\/api.w.org\/{rel}","templated":true}]}}