{"id":1995,"date":"2023-12-06T15:02:16","date_gmt":"2023-12-06T14:02:16","guid":{"rendered":"http:\/\/www.ssf-stuttgart.de\/wordpress\/?page_id=1995"},"modified":"2026-02-26T20:08:04","modified_gmt":"2026-02-26T19:08:04","slug":"hallo","status":"publish","type":"page","link":"http:\/\/www.ssf-stuttgart.de\/wordpress\/hallo\/","title":{"rendered":"Hallo"},"content":{"rendered":"<h3>Herzlich willkommen<\/h3>\n<p>beim Naturisten-Familiensportbund SSF Stuttgart e.V.<\/p>\n<p>Der SSF ist der zweitgr\u00f6\u00dfteNaturisten Verein in der Region Stuttgart, Mitglied im W\u00fcrttembergischen Landessportbund (WLSB), im Schw\u00e4bischen Turnerbund, im W\u00fcrtt. Schwimmverband, im W\u00fcrtt. Volleyballverband und im Deutschen Verband f\u00fcr Freik\u00f6rperkultur (<a href=\"http:\/\/www.dfk.org\/fkk\/\" target=\"_blank\" rel=\"noopener noreferrer\">DFK<\/a>).<\/p>\n<p>Unsere Hauptsportarten sind: Volleyball, Boule, Tischtennis und Schwimmen. Auch Joggen, Nordic Walken oder ganz gew\u00f6hnliches Wandern sind Bestandteile des Sportprogramms.<\/p>\n<p>Aber auch Abseits des Sports wird beim SSF einiges geboten: Es gibt weitere Veranstaltungen, wie Sommerfest, Oktoberfest, K\u00fcrbisessen und vieles mehr. Auch bei unseren Grillabenden an der Feuerstelle oder bei der Poolparty pflegt man das gem\u00fctliche Beisammensein.<\/p>\n<p>Nat\u00fcrlich ist es auch kein Problem, einfach die Natur und die Ruhe der Umgebung f\u00fcr sich alleine zu genie\u00dfen \u2013 jeder nach seinem Geschmack. Das Vereinsleben steht unter dem Motto Sport \u00b7 Spiel \u00b7 Familie \u2013 Natur nackt erleben. Wir sind stolz darauf, hier den Verein und unseren Freizeitpark vorstellen zu d\u00fcrfen.<\/p>\n<p><a href=\"http:\/\/www.ssf-stuttgart.de\/wordpress\/wp-content\/uploads\/2017\/04\/Flyer-2017-Druck.pdf\">Flyer-2017-Druck<\/a><\/p>\n<p><a href=\"http:\/\/www.ssf-stuttgart.de\/wordpress\/wp-content\/uploads\/2017\/04\/Flyer-2017-Web.pdf\">Flyer-2017-Web<\/a><\/p>\n","protected":false},"excerpt":{"rendered":"<p>Herzlich willkommen beim Naturisten-Familiensportbund SSF Stuttgart e.V. Der SSF ist der zweitgr\u00f6\u00dfteNaturisten Verein in der Region Stuttgart, Mitglied im W\u00fcrttembergischen Landessportbund (WLSB), im Schw\u00e4bischen Turnerbund, im W\u00fcrtt. Schwimmverband, im W\u00fcrtt. Volleyballverband und im Deutschen Verband f\u00fcr Freik\u00f6rperkultur (DFK). Unsere Hauptsportarten sind: Volleyball, Boule, Tischtennis und Schwimmen. Auch Joggen, Nordic Walken oder ganz gew\u00f6hnliches Wandern sind &hellip; <a href=\"http:\/\/www.ssf-stuttgart.de\/wordpress\/hallo\/\" class=\"more-link\"><span class=\"screen-reader-text\">Hallo<\/span> weiterlesen <span class=\"meta-nav\">&rarr;<\/span><\/a><\/p>\n","protected":false},"author":4,"featured_media":0,"parent":0,"menu_order":1,"comment_status":"closed","ping_status":"closed","template":"","meta":{"footnotes":""},"class_list":["post-1995","page","type-page","status-publish","hentry"],"_links":{"self":[{"href":"http:\/\/www.ssf-stuttgart.de\/wordpress\/wp-json\/wp\/v2\/pages\/1995","targetHints":{"allow":["GET"]}}],"collection":[{"href":"http:\/\/www.ssf-stuttgart.de\/wordpress\/wp-json\/wp\/v2\/pages"}],"about":[{"href":"http:\/\/www.ssf-stuttgart.de\/wordpress\/wp-json\/wp\/v2\/types\/page"}],"author":[{"embeddable":true,"href":"http:\/\/www.ssf-stuttgart.de\/wordpress\/wp-json\/wp\/v2\/users\/4"}],"replies":[{"embeddable":true,"href":"http:\/\/www.ssf-stuttgart.de\/wordpress\/wp-json\/wp\/v2\/comments?post=1995"}],"version-history":[{"count":3,"href":"http:\/\/www.ssf-stuttgart.de\/wordpress\/wp-json\/wp\/v2\/pages\/1995\/revisions"}],"predecessor-version":[{"id":2487,"href":"http:\/\/www.ssf-stuttgart.de\/wordpress\/wp-json\/wp\/v2\/pages\/1995\/revisions\/2487"}],"wp:attachment":[{"href":"http:\/\/www.ssf-stuttgart.de\/wordpress\/wp-json\/wp\/v2\/media?parent=1995"}],"curies":[{"name":"wp","href":"https:\/\/api.w.org\/{rel}","templated":true}]}}