{"id":2009,"date":"2023-12-06T15:03:00","date_gmt":"2023-12-06T14:03:00","guid":{"rendered":"http:\/\/www.ssf-stuttgart.de\/wordpress\/?page_id=2009"},"modified":"2026-02-26T19:57:22","modified_gmt":"2026-02-26T18:57:22","slug":"park","status":"publish","type":"page","link":"http:\/\/www.ssf-stuttgart.de\/wordpress\/park\/","title":{"rendered":"Park"},"content":{"rendered":"<h3>Unser Sport- und Freizeitpark<\/h3>\n<p>in 75449 Wurmberg, \u00d6schelbronner Stra\u00dfe 111 ist ein ca. 42000 qm gro\u00dfes park\u00e4hnliches Naturgel\u00e4nde mit vielen B\u00e4umen, Gr\u00fcnfl\u00e4chen, Sportanlagen, gro\u00dfem Spielplatz, Vereinsheim und einer herrlichen Aussicht auf die Schwarzwaldausl\u00e4ufer.<\/p>\n<p>Zus\u00e4tzlich zu den Wohnwagenstellpl\u00e4tzen locken familiengerechte gro\u00dffl\u00e4chige Liegewiesen, Spielpl\u00e4tze und ein Schwimmbecken zum Verweilen.<\/p>\n<p>Au\u00dfer dem &#8222;Freiluft Sportst\u00e4tten&#8220; Angebot f\u00fcr Volleyball, Tischtennis, Ringtennis und P\u00e9tanque (Boule), haben wir ein Beachvolleyballfeld sowie ein gro\u00dfes, ganzj\u00e4hrig nutzbares Vereinsheim mit Jugendr\u00e4umen.<\/p>\n<p>Eine Sauna mit angegliedertem Ruheraum ist jeden Samstagabend in Betrieb. Falls an einem Samstagabend eine Vereinsveranstaltung ist, wird der Saunaabend auf Freitag vorverlegt.<\/p>\n","protected":false},"excerpt":{"rendered":"<p>Unser Sport- und Freizeitpark in 75449 Wurmberg, \u00d6schelbronner Stra\u00dfe 111 ist ein ca. 42000 qm gro\u00dfes park\u00e4hnliches Naturgel\u00e4nde mit vielen B\u00e4umen, Gr\u00fcnfl\u00e4chen, Sportanlagen, gro\u00dfem Spielplatz, Vereinsheim und einer herrlichen Aussicht auf die Schwarzwaldausl\u00e4ufer. Zus\u00e4tzlich zu den Wohnwagenstellpl\u00e4tzen locken familiengerechte gro\u00dffl\u00e4chige Liegewiesen, Spielpl\u00e4tze und ein Schwimmbecken zum Verweilen. Au\u00dfer dem &#8222;Freiluft Sportst\u00e4tten&#8220; Angebot f\u00fcr Volleyball, Tischtennis, &hellip; <a href=\"http:\/\/www.ssf-stuttgart.de\/wordpress\/park\/\" class=\"more-link\"><span class=\"screen-reader-text\">Park<\/span> weiterlesen <span class=\"meta-nav\">&rarr;<\/span><\/a><\/p>\n","protected":false},"author":4,"featured_media":0,"parent":0,"menu_order":2,"comment_status":"closed","ping_status":"closed","template":"","meta":{"footnotes":""},"class_list":["post-2009","page","type-page","status-publish","hentry"],"_links":{"self":[{"href":"http:\/\/www.ssf-stuttgart.de\/wordpress\/wp-json\/wp\/v2\/pages\/2009","targetHints":{"allow":["GET"]}}],"collection":[{"href":"http:\/\/www.ssf-stuttgart.de\/wordpress\/wp-json\/wp\/v2\/pages"}],"about":[{"href":"http:\/\/www.ssf-stuttgart.de\/wordpress\/wp-json\/wp\/v2\/types\/page"}],"author":[{"embeddable":true,"href":"http:\/\/www.ssf-stuttgart.de\/wordpress\/wp-json\/wp\/v2\/users\/4"}],"replies":[{"embeddable":true,"href":"http:\/\/www.ssf-stuttgart.de\/wordpress\/wp-json\/wp\/v2\/comments?post=2009"}],"version-history":[{"count":3,"href":"http:\/\/www.ssf-stuttgart.de\/wordpress\/wp-json\/wp\/v2\/pages\/2009\/revisions"}],"predecessor-version":[{"id":2483,"href":"http:\/\/www.ssf-stuttgart.de\/wordpress\/wp-json\/wp\/v2\/pages\/2009\/revisions\/2483"}],"wp:attachment":[{"href":"http:\/\/www.ssf-stuttgart.de\/wordpress\/wp-json\/wp\/v2\/media?parent=2009"}],"curies":[{"name":"wp","href":"https:\/\/api.w.org\/{rel}","templated":true}]}}