{"id":21,"date":"2016-01-23T19:55:54","date_gmt":"2016-01-23T18:55:54","guid":{"rendered":"http:\/\/www.ssf-stuttgart.de\/wordpress\/?page_id=21"},"modified":"2023-12-18T12:46:07","modified_gmt":"2023-12-18T11:46:07","slug":"erholung-2","status":"publish","type":"page","link":"http:\/\/www.ssf-stuttgart.de\/wordpress\/park\/erholung-2\/","title":{"rendered":"Erholung"},"content":{"rendered":"<h3>Sich einfach erholen<\/h3>\n<p>Im Vordergrund der Vereinsaktivit\u00e4ten steht der Familien- und Breitensport. Im Sommer werden auch gr\u00f6\u00dfere Sportveranstaltungen und Feste organisiert. Kilometerlange Waldwege beginnen unmittelbar am Freizeitpark und bieten optimale M\u00f6glichkeiten zum Wandern, Nordic Walking oder Joggen.<\/p>\n<p>F\u00fcr unsere J\u00fcngsten bieten wir im Freizeitpark Wurmberg einen Abenteuerspielplatz und f\u00fcr die Jugend einen Jugendraum. Dar\u00fcber hinaus organisiert die FKK Jugend Zeltlager und weitere Veranstaltungen.<\/p>\n<p>In zwangloser Folge finden unter anderem Skat- und Binokelturniere, Lichtbilder-, Filmabende oder kulturelle Veranstaltungen statt.<\/p>\n<p>In der n\u00e4heren Umgebung liegen viele Ausflugsziele, wie z.B. der Schwarzwald, die Goldstadt <a href=\"https:\/\/www.pforzheim.de\/\" target=\"_blank\" rel=\"noopener noreferrer\">Pforzheim<\/a> mit einem tollen <a href=\"https:\/\/www.pforzheim.de\/kultur-freizeit\/natur-sport\/naherholung\/wildpark-pforzheim.html\" target=\"_blank\" rel=\"noopener noreferrer\">Wildpark<\/a> und <a href=\"https:\/\/www.kletterpark-hochseilgarten.de\/kletterpark-pforzheim.htm\" target=\"_blank\" rel=\"noopener noreferrer\">Hochseilgarten<\/a>, das Weltkulturerbe Kloster <a href=\"http:\/\/www.kloster-maulbronn.de\/start\/\" target=\"_blank\" rel=\"noopener noreferrer\">Maulbronn<\/a>, der Freizeitpark \u201e<a href=\"https:\/\/tripsdrill.de\/\" target=\"_blank\" rel=\"noopener noreferrer\">Tripsdrill<\/a>\u201c, die F\u00e4cherstadt <a href=\"https:\/\/www.karlsruhe.de\/\" target=\"_blank\" rel=\"noopener noreferrer\">Karlsruhe<\/a> und die Landeshauptstadt <a href=\"http:\/\/www.stuttgart.de\/\" target=\"_blank\" rel=\"noopener noreferrer\">Stuttgart<\/a> mit dem <a href=\"https:\/\/www.fernsehturm-stuttgart.de\/\" target=\"_blank\" rel=\"noopener noreferrer\">Fernsehturm<\/a> und der <a href=\"http:\/\/www.wilhelma.de\/\" target=\"_blank\" rel=\"noopener noreferrer\">Wilhelma<\/a>.<\/p>\n<p>So k\u00f6nnen die Mitglieder und G\u00e4ste des SSF Stuttgart Tage, Wochenenden oder den gesamten Urlaub in frischer Luft, bei Sport und Bewegung, bei Ruhe und Entspannung, ganz individuell verbringen.<\/p>\n","protected":false},"excerpt":{"rendered":"<p>Sich einfach erholen Im Vordergrund der Vereinsaktivit\u00e4ten steht der Familien- und Breitensport. Im Sommer werden auch gr\u00f6\u00dfere Sportveranstaltungen und Feste organisiert. Kilometerlange Waldwege beginnen unmittelbar am Freizeitpark und bieten optimale M\u00f6glichkeiten zum Wandern, Nordic Walking oder Joggen. F\u00fcr unsere J\u00fcngsten bieten wir im Freizeitpark Wurmberg einen Abenteuerspielplatz und f\u00fcr die Jugend einen Jugendraum. Dar\u00fcber hinaus &hellip; <a href=\"http:\/\/www.ssf-stuttgart.de\/wordpress\/park\/erholung-2\/\" class=\"more-link\"><span class=\"screen-reader-text\">Erholung<\/span> weiterlesen <span class=\"meta-nav\">&rarr;<\/span><\/a><\/p>\n","protected":false},"author":1,"featured_media":0,"parent":2009,"menu_order":0,"comment_status":"closed","ping_status":"closed","template":"","meta":{"footnotes":""},"class_list":["post-21","page","type-page","status-publish","hentry"],"_links":{"self":[{"href":"http:\/\/www.ssf-stuttgart.de\/wordpress\/wp-json\/wp\/v2\/pages\/21","targetHints":{"allow":["GET"]}}],"collection":[{"href":"http:\/\/www.ssf-stuttgart.de\/wordpress\/wp-json\/wp\/v2\/pages"}],"about":[{"href":"http:\/\/www.ssf-stuttgart.de\/wordpress\/wp-json\/wp\/v2\/types\/page"}],"author":[{"embeddable":true,"href":"http:\/\/www.ssf-stuttgart.de\/wordpress\/wp-json\/wp\/v2\/users\/1"}],"replies":[{"embeddable":true,"href":"http:\/\/www.ssf-stuttgart.de\/wordpress\/wp-json\/wp\/v2\/comments?post=21"}],"version-history":[{"count":6,"href":"http:\/\/www.ssf-stuttgart.de\/wordpress\/wp-json\/wp\/v2\/pages\/21\/revisions"}],"predecessor-version":[{"id":2044,"href":"http:\/\/www.ssf-stuttgart.de\/wordpress\/wp-json\/wp\/v2\/pages\/21\/revisions\/2044"}],"up":[{"embeddable":true,"href":"http:\/\/www.ssf-stuttgart.de\/wordpress\/wp-json\/wp\/v2\/pages\/2009"}],"wp:attachment":[{"href":"http:\/\/www.ssf-stuttgart.de\/wordpress\/wp-json\/wp\/v2\/media?parent=21"}],"curies":[{"name":"wp","href":"https:\/\/api.w.org\/{rel}","templated":true}]}}