{"id":30,"date":"2016-01-23T20:36:33","date_gmt":"2016-01-23T19:36:33","guid":{"rendered":"http:\/\/www.ssf-stuttgart.de\/wordpress\/?page_id=30"},"modified":"2023-12-18T12:56:11","modified_gmt":"2023-12-18T11:56:11","slug":"petanque-2","status":"publish","type":"page","link":"http:\/\/www.ssf-stuttgart.de\/wordpress\/sport-2\/petanque-2\/","title":{"rendered":"P\u00e9tanque"},"content":{"rendered":"<h3>P\u00e9tanque beim SSF<\/h3>\n<p>Die Boule-Variante P\u00e9tanque wird bei uns als Freizeitsport betrieben. Sobald die Witterung es zul\u00e4sst, ohne dass die H\u00e4nde an den Kugeln festfrieren, wird auf den Spielfeldern des Freizeitparks gespielt.<\/p>\n<p>Diese Sportart ist bei Jung und Alt gleicherma\u00dfen beliebt.<\/p>\n<p>Beim Boule\/ P\u00e9tanque kann jeder seinen sportlichen Neigungen nachgehen. Egal ob wochentags oder am Wochenende, man trifft sich in lockerer Runde auf den Spielfeldern und macht ein paar sch\u00f6ne Spiele. Zum Spa\u00df am Spiel kommt auch noch die Geselligkeit hinzu und im Nu sind dann ein paar Stunden verflogen.<\/p>\n<p>Wir freuen uns immer \u00fcber neue Gesichter in unserer Runde und vielleicht treffen wir uns auch mal zum Boulespielen in unserem Sport- und Freizeitpark.<\/p>\n","protected":false},"excerpt":{"rendered":"<p>P\u00e9tanque beim SSF Die Boule-Variante P\u00e9tanque wird bei uns als Freizeitsport betrieben. Sobald die Witterung es zul\u00e4sst, ohne dass die H\u00e4nde an den Kugeln festfrieren, wird auf den Spielfeldern des Freizeitparks gespielt. Diese Sportart ist bei Jung und Alt gleicherma\u00dfen beliebt. Beim Boule\/ P\u00e9tanque kann jeder seinen sportlichen Neigungen nachgehen. Egal ob wochentags oder am &hellip; <a href=\"http:\/\/www.ssf-stuttgart.de\/wordpress\/sport-2\/petanque-2\/\" class=\"more-link\"><span class=\"screen-reader-text\">P\u00e9tanque<\/span> weiterlesen <span class=\"meta-nav\">&rarr;<\/span><\/a><\/p>\n","protected":false},"author":1,"featured_media":0,"parent":25,"menu_order":0,"comment_status":"closed","ping_status":"closed","template":"","meta":{"footnotes":""},"class_list":["post-30","page","type-page","status-publish","hentry"],"_links":{"self":[{"href":"http:\/\/www.ssf-stuttgart.de\/wordpress\/wp-json\/wp\/v2\/pages\/30","targetHints":{"allow":["GET"]}}],"collection":[{"href":"http:\/\/www.ssf-stuttgart.de\/wordpress\/wp-json\/wp\/v2\/pages"}],"about":[{"href":"http:\/\/www.ssf-stuttgart.de\/wordpress\/wp-json\/wp\/v2\/types\/page"}],"author":[{"embeddable":true,"href":"http:\/\/www.ssf-stuttgart.de\/wordpress\/wp-json\/wp\/v2\/users\/1"}],"replies":[{"embeddable":true,"href":"http:\/\/www.ssf-stuttgart.de\/wordpress\/wp-json\/wp\/v2\/comments?post=30"}],"version-history":[{"count":5,"href":"http:\/\/www.ssf-stuttgart.de\/wordpress\/wp-json\/wp\/v2\/pages\/30\/revisions"}],"predecessor-version":[{"id":1186,"href":"http:\/\/www.ssf-stuttgart.de\/wordpress\/wp-json\/wp\/v2\/pages\/30\/revisions\/1186"}],"up":[{"embeddable":true,"href":"http:\/\/www.ssf-stuttgart.de\/wordpress\/wp-json\/wp\/v2\/pages\/25"}],"wp:attachment":[{"href":"http:\/\/www.ssf-stuttgart.de\/wordpress\/wp-json\/wp\/v2\/media?parent=30"}],"curies":[{"name":"wp","href":"https:\/\/api.w.org\/{rel}","templated":true}]}}