{"id":32,"date":"2016-01-23T20:38:53","date_gmt":"2016-01-23T19:38:53","guid":{"rendered":"http:\/\/www.ssf-stuttgart.de\/wordpress\/?page_id=32"},"modified":"2026-04-12T14:29:22","modified_gmt":"2026-04-12T12:29:22","slug":"volleyball-2","status":"publish","type":"page","link":"http:\/\/www.ssf-stuttgart.de\/wordpress\/sport-2\/volleyball-2\/","title":{"rendered":"Volleyball"},"content":{"rendered":"<h3>Volleyball beim SSF<\/h3>\n<p>Die Volleyballabteilung des SSF verf\u00fcgt \u00fcber eine Herrenmannschaft. Es gibt ganzj\u00e4hrig feste Trainingstermine (Immer dienstags ab 18:45 Uhr in der Schickhardt Sporthalle in Stuttgart Heslach).<\/p>\n<p>Die Mannschaft\u00a0nimmt seit vielen Jahren erfolgreich am offiziellen Spielbetrieb des\u00a0VLW im Gro\u00dfraum Stuttgart teil und suchen zur Verst\u00e4rkung st\u00e4ndig nach neuen Mitspielerinnen und Mitspielern. <a href=\"https:\/\/www.vlw-online.de\/cms\/home\/spielbetrieb\/aktive\/herren.xhtml?LeaguePresenter.view=resultTable&amp;LeaguePresenter.matchSeriesId=95222532#samsCmsComponent_53657378\" target=\"_blank\" rel=\"noopener\">Aktuelle Tabellenposition<\/a><\/p>\n<p>Im Mixed Bereich werden verschiedenene Turniere besucht, wodurch die Volleyballer \u00fcber den Sommer viel unterwegs sind.<\/p>\n<p>Der j\u00e4hrlich im Freizeitpark Wurmberg \u00fcber das Pfingstwochenende stattfindende Uebeles-Cup z\u00e4hlt zu den beliebtesten Turnieren im Umkreis mit 20 bis 30 teilnehmenden Mannschaften. Hierzu kann jederzeit eine <a href=\"http:\/\/www.ssf-stuttgart.de\/wordpress\/wp-content\/uploads\/2026\/04\/Einladung_Uebeles_Cup.pdf\" target=\"_blank\" rel=\"noopener\">Einladung Uebeles Cup<\/a> f\u00fcr interessierte Vereine heruntergeladen werden.<\/p>\n<p>Im Sport- und Freizeitpark Wurmberg haben wir ein Beachvolleyballfeld, das sehr gern auch von unserer Jugend genutzt wird. Au\u00dfer Volleyball k\u00f6nnen dort auch andere Sportarten betrieben werden (Federball, Fussballtennis, Indiaka usw.<\/p>\n","protected":false},"excerpt":{"rendered":"<p>Volleyball beim SSF Die Volleyballabteilung des SSF verf\u00fcgt \u00fcber eine Herrenmannschaft. Es gibt ganzj\u00e4hrig feste Trainingstermine (Immer dienstags ab 18:45 Uhr in der Schickhardt Sporthalle in Stuttgart Heslach). Die Mannschaft\u00a0nimmt seit vielen Jahren erfolgreich am offiziellen Spielbetrieb des\u00a0VLW im Gro\u00dfraum Stuttgart teil und suchen zur Verst\u00e4rkung st\u00e4ndig nach neuen Mitspielerinnen und Mitspielern. Aktuelle Tabellenposition Im &hellip; <a href=\"http:\/\/www.ssf-stuttgart.de\/wordpress\/sport-2\/volleyball-2\/\" class=\"more-link\"><span class=\"screen-reader-text\">Volleyball<\/span> weiterlesen <span class=\"meta-nav\">&rarr;<\/span><\/a><\/p>\n","protected":false},"author":1,"featured_media":0,"parent":25,"menu_order":0,"comment_status":"closed","ping_status":"closed","template":"","meta":{"footnotes":""},"class_list":["post-32","page","type-page","status-publish","hentry"],"_links":{"self":[{"href":"http:\/\/www.ssf-stuttgart.de\/wordpress\/wp-json\/wp\/v2\/pages\/32","targetHints":{"allow":["GET"]}}],"collection":[{"href":"http:\/\/www.ssf-stuttgart.de\/wordpress\/wp-json\/wp\/v2\/pages"}],"about":[{"href":"http:\/\/www.ssf-stuttgart.de\/wordpress\/wp-json\/wp\/v2\/types\/page"}],"author":[{"embeddable":true,"href":"http:\/\/www.ssf-stuttgart.de\/wordpress\/wp-json\/wp\/v2\/users\/1"}],"replies":[{"embeddable":true,"href":"http:\/\/www.ssf-stuttgart.de\/wordpress\/wp-json\/wp\/v2\/comments?post=32"}],"version-history":[{"count":17,"href":"http:\/\/www.ssf-stuttgart.de\/wordpress\/wp-json\/wp\/v2\/pages\/32\/revisions"}],"predecessor-version":[{"id":2532,"href":"http:\/\/www.ssf-stuttgart.de\/wordpress\/wp-json\/wp\/v2\/pages\/32\/revisions\/2532"}],"up":[{"embeddable":true,"href":"http:\/\/www.ssf-stuttgart.de\/wordpress\/wp-json\/wp\/v2\/pages\/25"}],"wp:attachment":[{"href":"http:\/\/www.ssf-stuttgart.de\/wordpress\/wp-json\/wp\/v2\/media?parent=32"}],"curies":[{"name":"wp","href":"https:\/\/api.w.org\/{rel}","templated":true}]}}