{"id":34,"date":"2016-01-23T20:40:49","date_gmt":"2016-01-23T19:40:49","guid":{"rendered":"http:\/\/www.ssf-stuttgart.de\/wordpress\/?page_id=34"},"modified":"2023-12-18T12:59:20","modified_gmt":"2023-12-18T11:59:20","slug":"tischtennis-2","status":"publish","type":"page","link":"http:\/\/www.ssf-stuttgart.de\/wordpress\/sport-2\/tischtennis-2\/","title":{"rendered":"Tischtennis"},"content":{"rendered":"<h3>Die Tischtennisabteilung<\/h3>\n<p>Den Tischtennisfreunden stehen in unserem Sport- und Freizeitpark ausreichend Platten in windgesch\u00fctzten Bereichen zur Verf\u00fcgung.<\/p>\n<p>An immer neuen Gegnern mangelt es Dank zahlreicher Tischtennisspieler verschiedener Spielst\u00e4rke nicht.<\/p>\n<p>Tischtennis h\u00e4lt fit und steigert die Konzentrationsf\u00e4higkeit!<\/p>\n","protected":false},"excerpt":{"rendered":"<p>Die Tischtennisabteilung Den Tischtennisfreunden stehen in unserem Sport- und Freizeitpark ausreichend Platten in windgesch\u00fctzten Bereichen zur Verf\u00fcgung. An immer neuen Gegnern mangelt es Dank zahlreicher Tischtennisspieler verschiedener Spielst\u00e4rke nicht. Tischtennis h\u00e4lt fit und steigert die Konzentrationsf\u00e4higkeit!<\/p>\n","protected":false},"author":1,"featured_media":0,"parent":25,"menu_order":0,"comment_status":"closed","ping_status":"closed","template":"","meta":{"footnotes":""},"class_list":["post-34","page","type-page","status-publish","hentry"],"_links":{"self":[{"href":"http:\/\/www.ssf-stuttgart.de\/wordpress\/wp-json\/wp\/v2\/pages\/34","targetHints":{"allow":["GET"]}}],"collection":[{"href":"http:\/\/www.ssf-stuttgart.de\/wordpress\/wp-json\/wp\/v2\/pages"}],"about":[{"href":"http:\/\/www.ssf-stuttgart.de\/wordpress\/wp-json\/wp\/v2\/types\/page"}],"author":[{"embeddable":true,"href":"http:\/\/www.ssf-stuttgart.de\/wordpress\/wp-json\/wp\/v2\/users\/1"}],"replies":[{"embeddable":true,"href":"http:\/\/www.ssf-stuttgart.de\/wordpress\/wp-json\/wp\/v2\/comments?post=34"}],"version-history":[{"count":4,"href":"http:\/\/www.ssf-stuttgart.de\/wordpress\/wp-json\/wp\/v2\/pages\/34\/revisions"}],"predecessor-version":[{"id":2050,"href":"http:\/\/www.ssf-stuttgart.de\/wordpress\/wp-json\/wp\/v2\/pages\/34\/revisions\/2050"}],"up":[{"embeddable":true,"href":"http:\/\/www.ssf-stuttgart.de\/wordpress\/wp-json\/wp\/v2\/pages\/25"}],"wp:attachment":[{"href":"http:\/\/www.ssf-stuttgart.de\/wordpress\/wp-json\/wp\/v2\/media?parent=34"}],"curies":[{"name":"wp","href":"https:\/\/api.w.org\/{rel}","templated":true}]}}