{"id":365,"date":"2017-04-06T20:19:14","date_gmt":"2017-04-06T18:19:14","guid":{"rendered":"http:\/\/www.ssf-stuttgart.de\/wordpress\/?page_id=365"},"modified":"2017-04-22T17:37:23","modified_gmt":"2017-04-22T15:37:23","slug":"ssf-wurmberg","status":"publish","type":"page","link":"http:\/\/www.ssf-stuttgart.de\/wordpress\/ssf-wurmberg\/","title":{"rendered":"SSF Wurmberg"},"content":{"rendered":"<h3>Der SSF-Wurmberg e. V.<\/h3>\n<p>&#8230;ist der Wirtschaftsverein des NFSB SSF-Stuttgart e. V.<\/p>\n<p>Zweck des Vereins ist, gepachtete Grundst\u00fccksfl\u00e4chen auf dem Sport- und Freizeitgel\u00e4nde in Wurmberg und gepachtete R\u00e4umlichkeiten im Vereinsheim des NFSB SSF-Stuttgart e. V. f\u00fcr M\u00f6glichkeiten zum Verweilen und zur \u00dcbernachtung in Form von Zelt- und Wohnwagenstellpl\u00e4tzen zur Verf\u00fcgung zu stellen und diese Fl\u00e4chen zu betreiben.<\/p>\n<p>Ziel dieser Ma\u00dfnahme ist, den Sportbetrieb des NFSB SSF-Stuttgart e. V. auf dem Sport- und Freizeitgel\u00e4nde zu f\u00f6rdern und einer m\u00f6glichst gro\u00dfen Zahl von Personen eine regelm\u00e4\u00dfige Teilnahme zu erm\u00f6glichen.<\/p>\n","protected":false},"excerpt":{"rendered":"<p>Der SSF-Wurmberg e. V. &#8230;ist der Wirtschaftsverein des NFSB SSF-Stuttgart e. V. Zweck des Vereins ist, gepachtete Grundst\u00fccksfl\u00e4chen auf dem Sport- und Freizeitgel\u00e4nde in Wurmberg und gepachtete R\u00e4umlichkeiten im Vereinsheim des NFSB SSF-Stuttgart e. V. f\u00fcr M\u00f6glichkeiten zum Verweilen und zur \u00dcbernachtung in Form von Zelt- und Wohnwagenstellpl\u00e4tzen zur Verf\u00fcgung zu stellen und diese Fl\u00e4chen &hellip; <a href=\"http:\/\/www.ssf-stuttgart.de\/wordpress\/ssf-wurmberg\/\" class=\"more-link\"><span class=\"screen-reader-text\">SSF Wurmberg<\/span> weiterlesen <span class=\"meta-nav\">&rarr;<\/span><\/a><\/p>\n","protected":false},"author":1,"featured_media":0,"parent":0,"menu_order":7,"comment_status":"closed","ping_status":"closed","template":"","meta":{"footnotes":""},"class_list":["post-365","page","type-page","status-publish","hentry"],"_links":{"self":[{"href":"http:\/\/www.ssf-stuttgart.de\/wordpress\/wp-json\/wp\/v2\/pages\/365","targetHints":{"allow":["GET"]}}],"collection":[{"href":"http:\/\/www.ssf-stuttgart.de\/wordpress\/wp-json\/wp\/v2\/pages"}],"about":[{"href":"http:\/\/www.ssf-stuttgart.de\/wordpress\/wp-json\/wp\/v2\/types\/page"}],"author":[{"embeddable":true,"href":"http:\/\/www.ssf-stuttgart.de\/wordpress\/wp-json\/wp\/v2\/users\/1"}],"replies":[{"embeddable":true,"href":"http:\/\/www.ssf-stuttgart.de\/wordpress\/wp-json\/wp\/v2\/comments?post=365"}],"version-history":[{"count":3,"href":"http:\/\/www.ssf-stuttgart.de\/wordpress\/wp-json\/wp\/v2\/pages\/365\/revisions"}],"predecessor-version":[{"id":484,"href":"http:\/\/www.ssf-stuttgart.de\/wordpress\/wp-json\/wp\/v2\/pages\/365\/revisions\/484"}],"wp:attachment":[{"href":"http:\/\/www.ssf-stuttgart.de\/wordpress\/wp-json\/wp\/v2\/media?parent=365"}],"curies":[{"name":"wp","href":"https:\/\/api.w.org\/{rel}","templated":true}]}}