{"id":50,"date":"2016-01-23T21:30:43","date_gmt":"2016-01-23T20:30:43","guid":{"rendered":"http:\/\/www.ssf-stuttgart.de\/wordpress\/?page_id=50"},"modified":"2017-04-06T20:58:19","modified_gmt":"2017-04-06T18:58:19","slug":"spielplatz","status":"publish","type":"page","link":"http:\/\/www.ssf-stuttgart.de\/wordpress\/jugend\/spielplatz\/","title":{"rendered":"Spielplatz"},"content":{"rendered":"<h3>Die SSF Jugend&#8230;<\/h3>\n<p>\u2026hat seit l\u00e4ngerer Zeit einen komplett erneuerten Spielplatz zu bieten. Es gibt eine riesige Vogelnestschaukel auf der gleich mehrere Kinder gleichzeitig schaukeln k\u00f6nnen.<\/p>\n<p>Der Sandkasten wurde neu angelegt \u2013 Kletterhaus, Spielh\u00fctte und Rutschbahn wurden besser integriert und um den Sandbereich sind neue Sitzgelegenheiten f\u00fcr Kinder und Eltern dazugekommen.<\/p>\n<p>Um den Spielplatz stehen viele gro\u00dfe B\u00e4ume als nat\u00fcrliche Schattenspender, damit die Spieloase auch im Sommer bei Hitze und starker Sonneneinstrahlung jederzeit genutzt werden kann.<\/p>\n<p>S\u00e4mtliche Spielger\u00e4te unterliegen der st\u00e4ndigen \u00dcberwachung einer Elterngruppe, um die Sicherheit f\u00fcr die spielenden Kinder zu gew\u00e4hren. Immer wieder werden auch neue Ideen am oder um den Spielplatz verwirklicht, sodass es unseren J\u00fcngsten zu keiner Zeit langweilig wird\u2026<\/p>\n","protected":false},"excerpt":{"rendered":"<p>Die SSF Jugend&#8230; \u2026hat seit l\u00e4ngerer Zeit einen komplett erneuerten Spielplatz zu bieten. Es gibt eine riesige Vogelnestschaukel auf der gleich mehrere Kinder gleichzeitig schaukeln k\u00f6nnen. Der Sandkasten wurde neu angelegt \u2013 Kletterhaus, Spielh\u00fctte und Rutschbahn wurden besser integriert und um den Sandbereich sind neue Sitzgelegenheiten f\u00fcr Kinder und Eltern dazugekommen. Um den Spielplatz stehen &hellip; <a href=\"http:\/\/www.ssf-stuttgart.de\/wordpress\/jugend\/spielplatz\/\" class=\"more-link\"><span class=\"screen-reader-text\">Spielplatz<\/span> weiterlesen <span class=\"meta-nav\">&rarr;<\/span><\/a><\/p>\n","protected":false},"author":1,"featured_media":0,"parent":45,"menu_order":0,"comment_status":"closed","ping_status":"closed","template":"","meta":{"footnotes":""},"class_list":["post-50","page","type-page","status-publish","hentry"],"_links":{"self":[{"href":"http:\/\/www.ssf-stuttgart.de\/wordpress\/wp-json\/wp\/v2\/pages\/50","targetHints":{"allow":["GET"]}}],"collection":[{"href":"http:\/\/www.ssf-stuttgart.de\/wordpress\/wp-json\/wp\/v2\/pages"}],"about":[{"href":"http:\/\/www.ssf-stuttgart.de\/wordpress\/wp-json\/wp\/v2\/types\/page"}],"author":[{"embeddable":true,"href":"http:\/\/www.ssf-stuttgart.de\/wordpress\/wp-json\/wp\/v2\/users\/1"}],"replies":[{"embeddable":true,"href":"http:\/\/www.ssf-stuttgart.de\/wordpress\/wp-json\/wp\/v2\/comments?post=50"}],"version-history":[{"count":2,"href":"http:\/\/www.ssf-stuttgart.de\/wordpress\/wp-json\/wp\/v2\/pages\/50\/revisions"}],"predecessor-version":[{"id":388,"href":"http:\/\/www.ssf-stuttgart.de\/wordpress\/wp-json\/wp\/v2\/pages\/50\/revisions\/388"}],"up":[{"embeddable":true,"href":"http:\/\/www.ssf-stuttgart.de\/wordpress\/wp-json\/wp\/v2\/pages\/45"}],"wp:attachment":[{"href":"http:\/\/www.ssf-stuttgart.de\/wordpress\/wp-json\/wp\/v2\/media?parent=50"}],"curies":[{"name":"wp","href":"https:\/\/api.w.org\/{rel}","templated":true}]}}