{"id":60,"date":"2016-01-23T21:40:38","date_gmt":"2016-01-23T20:40:38","guid":{"rendered":"http:\/\/www.ssf-stuttgart.de\/wordpress\/?page_id=60"},"modified":"2019-05-30T10:50:48","modified_gmt":"2019-05-30T08:50:48","slug":"bilder","status":"publish","type":"page","link":"http:\/\/www.ssf-stuttgart.de\/wordpress\/bilder\/","title":{"rendered":"Bilder"},"content":{"rendered":"<h3>Liebe Freundinnen, liebe Freunde,<\/h3>\n<p>hier seht ihr einige Foto von unserem Naturisten Sport- und Freizeitpark. Das m\u00fcsste doch f\u00fcr euch ein Anreiz sein, uns zu besuchen. Viel Spa\u00df beim Betrachten.<\/p>\n<p><a href=\"http:\/\/www.ssf-stuttgart.de\/wordpress\/wp-content\/uploads\/2016\/01\/0662.jpg\" target=\"_blank\" rel=\"noopener noreferrer\"><img loading=\"lazy\" decoding=\"async\" class=\"alignnone wp-image-192 size-large\" src=\"http:\/\/www.ssf-stuttgart.de\/wordpress\/wp-content\/uploads\/2016\/01\/0662-1024x768.jpg\" alt=\"\" width=\"604\" height=\"453\" srcset=\"http:\/\/www.ssf-stuttgart.de\/wordpress\/wp-content\/uploads\/2016\/01\/0662-1024x768.jpg 1024w, http:\/\/www.ssf-stuttgart.de\/wordpress\/wp-content\/uploads\/2016\/01\/0662-300x225.jpg 300w, http:\/\/www.ssf-stuttgart.de\/wordpress\/wp-content\/uploads\/2016\/01\/0662-768x576.jpg 768w, http:\/\/www.ssf-stuttgart.de\/wordpress\/wp-content\/uploads\/2016\/01\/0662.jpg 1500w\" sizes=\"auto, (max-width: 604px) 100vw, 604px\" \/><\/a><\/p>\n<p><a href=\"http:\/\/www.ssf-stuttgart.de\/wordpress\/wp-content\/uploads\/2016\/01\/0661.jpg\" target=\"_blank\" rel=\"noopener noreferrer\"><img loading=\"lazy\" decoding=\"async\" class=\"alignnone wp-image-191 size-large\" src=\"http:\/\/www.ssf-stuttgart.de\/wordpress\/wp-content\/uploads\/2016\/01\/0661-1024x768.jpg\" alt=\"\" width=\"604\" height=\"453\" srcset=\"http:\/\/www.ssf-stuttgart.de\/wordpress\/wp-content\/uploads\/2016\/01\/0661-1024x768.jpg 1024w, http:\/\/www.ssf-stuttgart.de\/wordpress\/wp-content\/uploads\/2016\/01\/0661-300x225.jpg 300w, http:\/\/www.ssf-stuttgart.de\/wordpress\/wp-content\/uploads\/2016\/01\/0661-768x576.jpg 768w, http:\/\/www.ssf-stuttgart.de\/wordpress\/wp-content\/uploads\/2016\/01\/0661.jpg 1500w\" sizes=\"auto, (max-width: 604px) 100vw, 604px\" \/><\/a><\/p>\n<p><a href=\"http:\/\/www.ssf-stuttgart.de\/wordpress\/wp-content\/uploads\/2016\/01\/0652.jpg\" target=\"_blank\" rel=\"noopener noreferrer\"><img loading=\"lazy\" decoding=\"async\" class=\"alignnone wp-image-189 size-large\" src=\"http:\/\/www.ssf-stuttgart.de\/wordpress\/wp-content\/uploads\/2016\/01\/0652-1024x768.jpg\" alt=\"\" width=\"604\" height=\"453\" srcset=\"http:\/\/www.ssf-stuttgart.de\/wordpress\/wp-content\/uploads\/2016\/01\/0652-1024x768.jpg 1024w, http:\/\/www.ssf-stuttgart.de\/wordpress\/wp-content\/uploads\/2016\/01\/0652-300x225.jpg 300w, http:\/\/www.ssf-stuttgart.de\/wordpress\/wp-content\/uploads\/2016\/01\/0652-768x576.jpg 768w, http:\/\/www.ssf-stuttgart.de\/wordpress\/wp-content\/uploads\/2016\/01\/0652.jpg 1500w\" sizes=\"auto, (max-width: 604px) 100vw, 604px\" \/><\/a><\/p>\n<p><a href=\"http:\/\/www.ssf-stuttgart.de\/wordpress\/wp-content\/uploads\/2016\/01\/0646.jpg\" target=\"_blank\" rel=\"noopener noreferrer\"><img loading=\"lazy\" decoding=\"async\" class=\"alignnone wp-image-187 size-large\" src=\"http:\/\/www.ssf-stuttgart.de\/wordpress\/wp-content\/uploads\/2016\/01\/0646-1024x768.jpg\" alt=\"\" width=\"604\" height=\"453\" srcset=\"http:\/\/www.ssf-stuttgart.de\/wordpress\/wp-content\/uploads\/2016\/01\/0646-1024x768.jpg 1024w, http:\/\/www.ssf-stuttgart.de\/wordpress\/wp-content\/uploads\/2016\/01\/0646-300x225.jpg 300w, http:\/\/www.ssf-stuttgart.de\/wordpress\/wp-content\/uploads\/2016\/01\/0646-768x576.jpg 768w, http:\/\/www.ssf-stuttgart.de\/wordpress\/wp-content\/uploads\/2016\/01\/0646.jpg 1500w\" sizes=\"auto, (max-width: 604px) 100vw, 604px\" \/><\/a><\/p>\n<p><a href=\"http:\/\/www.ssf-stuttgart.de\/wordpress\/wp-content\/uploads\/2018\/04\/ssf-bogen-1.jpg\" target=\"_blank\" rel=\"noopener noreferrer\"><img loading=\"lazy\" decoding=\"async\" class=\"alignnone wp-image-792 size-large\" src=\"http:\/\/www.ssf-stuttgart.de\/wordpress\/wp-content\/uploads\/2018\/04\/ssf-bogen-1-1024x768.jpg\" alt=\"Bogensport beim SSF\" width=\"604\" height=\"453\" srcset=\"http:\/\/www.ssf-stuttgart.de\/wordpress\/wp-content\/uploads\/2018\/04\/ssf-bogen-1-1024x768.jpg 1024w, http:\/\/www.ssf-stuttgart.de\/wordpress\/wp-content\/uploads\/2018\/04\/ssf-bogen-1-300x225.jpg 300w, http:\/\/www.ssf-stuttgart.de\/wordpress\/wp-content\/uploads\/2018\/04\/ssf-bogen-1.jpg 2048w\" sizes=\"auto, (max-width: 604px) 100vw, 604px\" \/><\/a><\/p>\n<p><a href=\"http:\/\/www.ssf-stuttgart.de\/wordpress\/wp-content\/uploads\/2018\/04\/ssf-bogen-2.jpg\" target=\"_blank\" rel=\"noopener noreferrer\"><img loading=\"lazy\" decoding=\"async\" class=\"alignnone wp-image-791 size-large\" src=\"http:\/\/www.ssf-stuttgart.de\/wordpress\/wp-content\/uploads\/2018\/04\/ssf-bogen-2-1024x768.jpg\" alt=\"Wundersch\u00f6ne Anlage\" width=\"604\" height=\"453\" srcset=\"http:\/\/www.ssf-stuttgart.de\/wordpress\/wp-content\/uploads\/2018\/04\/ssf-bogen-2-1024x768.jpg 1024w, http:\/\/www.ssf-stuttgart.de\/wordpress\/wp-content\/uploads\/2018\/04\/ssf-bogen-2-300x225.jpg 300w\" sizes=\"auto, (max-width: 604px) 100vw, 604px\" \/><\/a><\/p>\n<p class=\"hide-if-no-js\"><a class=\"thickbox\" href=\"http:\/\/www.ssf-stuttgart.de\/wordpress\/wp-admin\/media-upload.php?post_id=60&amp;type=image&amp;TB_iframe=1\" aria-describedby=\"set-post-thumbnail-desc\"><img loading=\"lazy\" decoding=\"async\" class=\"attachment-post-thumbnail size-post-thumbnail\" src=\"http:\/\/www.ssf-stuttgart.de\/wordpress\/wp-content\/uploads\/2019\/05\/PICT0078-604x270.jpg\" alt=\"\" width=\"604\" height=\"270\" \/><\/a><\/p>\n<p class=\"hide-if-no-js\"><a id=\"set-post-thumbnail\" class=\"thickbox\" href=\"http:\/\/www.ssf-stuttgart.de\/wordpress\/wp-admin\/media-upload.php?post_id=60&amp;type=image&amp;TB_iframe=1\" aria-describedby=\"set-post-thumbnail-desc\"><img loading=\"lazy\" decoding=\"async\" class=\"attachment-post-thumbnail size-post-thumbnail\" src=\"http:\/\/www.ssf-stuttgart.de\/wordpress\/wp-content\/uploads\/2019\/05\/PICT0160-604x270.jpg\" alt=\"\" width=\"604\" height=\"270\" \/><\/a><\/p>\n<p class=\"hide-if-no-js\"><a id=\"set-post-thumbnail\" class=\"thickbox\" href=\"http:\/\/www.ssf-stuttgart.de\/wordpress\/wp-admin\/media-upload.php?post_id=60&amp;type=image&amp;TB_iframe=1\" aria-describedby=\"set-post-thumbnail-desc\"><img loading=\"lazy\" decoding=\"async\" class=\"attachment-post-thumbnail size-post-thumbnail\" src=\"http:\/\/www.ssf-stuttgart.de\/wordpress\/wp-content\/uploads\/2019\/05\/PICT0083-604x270.jpg\" alt=\"\" width=\"604\" height=\"270\" \/><\/a><\/p>\n<p class=\"hide-if-no-js\"><a class=\"thickbox\" href=\"http:\/\/www.ssf-stuttgart.de\/wordpress\/wp-admin\/media-upload.php?post_id=60&amp;type=image&amp;TB_iframe=1\" aria-describedby=\"set-post-thumbnail-desc\"><img loading=\"lazy\" decoding=\"async\" class=\"attachment-post-thumbnail size-post-thumbnail\" src=\"http:\/\/www.ssf-stuttgart.de\/wordpress\/wp-content\/uploads\/2019\/05\/PICT0158-604x270.jpg\" alt=\"\" width=\"604\" height=\"270\" \/><\/a><\/p>\n<p class=\"hide-if-no-js\"><a class=\"thickbox\" href=\"http:\/\/www.ssf-stuttgart.de\/wordpress\/wp-admin\/media-upload.php?post_id=60&amp;type=image&amp;TB_iframe=1\" aria-describedby=\"set-post-thumbnail-desc\"><img loading=\"lazy\" decoding=\"async\" class=\"attachment-post-thumbnail size-post-thumbnail\" src=\"http:\/\/www.ssf-stuttgart.de\/wordpress\/wp-content\/uploads\/2019\/05\/DSCF2396-604x270.jpg\" alt=\"\" width=\"604\" height=\"270\" \/><\/a><\/p>\n<p class=\"hide-if-no-js\"><a id=\"set-post-thumbnail\" class=\"thickbox\" href=\"http:\/\/www.ssf-stuttgart.de\/wordpress\/wp-admin\/media-upload.php?post_id=60&amp;type=image&amp;TB_iframe=1\" aria-describedby=\"set-post-thumbnail-desc\"><img loading=\"lazy\" decoding=\"async\" class=\"attachment-post-thumbnail size-post-thumbnail\" src=\"http:\/\/www.ssf-stuttgart.de\/wordpress\/wp-content\/uploads\/2019\/05\/PICT0001-604x270.jpg\" alt=\"\" width=\"604\" height=\"270\" \/><\/a><\/p>\n<p class=\"hide-if-no-js\">\n","protected":false},"excerpt":{"rendered":"<p>Liebe Freundinnen, liebe Freunde, hier seht ihr einige Foto von unserem Naturisten Sport- und Freizeitpark. Das m\u00fcsste doch f\u00fcr euch ein Anreiz sein, uns zu besuchen. Viel Spa\u00df beim Betrachten.<\/p>\n","protected":false},"author":1,"featured_media":0,"parent":0,"menu_order":6,"comment_status":"closed","ping_status":"closed","template":"","meta":{"footnotes":""},"class_list":["post-60","page","type-page","status-publish","hentry"],"_links":{"self":[{"href":"http:\/\/www.ssf-stuttgart.de\/wordpress\/wp-json\/wp\/v2\/pages\/60","targetHints":{"allow":["GET"]}}],"collection":[{"href":"http:\/\/www.ssf-stuttgart.de\/wordpress\/wp-json\/wp\/v2\/pages"}],"about":[{"href":"http:\/\/www.ssf-stuttgart.de\/wordpress\/wp-json\/wp\/v2\/types\/page"}],"author":[{"embeddable":true,"href":"http:\/\/www.ssf-stuttgart.de\/wordpress\/wp-json\/wp\/v2\/users\/1"}],"replies":[{"embeddable":true,"href":"http:\/\/www.ssf-stuttgart.de\/wordpress\/wp-json\/wp\/v2\/comments?post=60"}],"version-history":[{"count":10,"href":"http:\/\/www.ssf-stuttgart.de\/wordpress\/wp-json\/wp\/v2\/pages\/60\/revisions"}],"predecessor-version":[{"id":1163,"href":"http:\/\/www.ssf-stuttgart.de\/wordpress\/wp-json\/wp\/v2\/pages\/60\/revisions\/1163"}],"wp:attachment":[{"href":"http:\/\/www.ssf-stuttgart.de\/wordpress\/wp-json\/wp\/v2\/media?parent=60"}],"curies":[{"name":"wp","href":"https:\/\/api.w.org\/{rel}","templated":true}]}}