{"id":62,"date":"2016-01-23T21:42:56","date_gmt":"2016-01-23T20:42:56","guid":{"rendered":"http:\/\/www.ssf-stuttgart.de\/wordpress\/?page_id=62"},"modified":"2017-04-22T16:29:05","modified_gmt":"2017-04-22T14:29:05","slug":"impressum","status":"publish","type":"page","link":"http:\/\/www.ssf-stuttgart.de\/wordpress\/impressum\/","title":{"rendered":"Impressum"},"content":{"rendered":"<h3>Impressum<\/h3>\n<p><strong>Angaben gem\u00e4\u00df \u00a75 TMG:<\/strong><br \/>\nSSF Stuttgart e. V.<br \/>\nGesch\u00e4ftsstelle<br \/>\nHauffstra\u00dfe 6<br \/>\n71101 Sch\u00f6naich<\/p>\n<p><strong>Inhaltlich verantwortlicher Redakteur und Webmaster <\/strong><strong>gem\u00e4\u00df \u00a755 Abs. 2 RStV:<\/strong><br \/>\nSSF Stuttgart e. V.<br \/>\n1. Vorsitzender<br \/>\nWerner S\u00fclz<br \/>\nSilcherstra\u00dfe 16<br \/>\n71299 Wimsheim<\/p>\n<p>Telefon +49 7044 905869<br \/>\nE-Mail: <a href=\"mailto:ssf@ssf-Stuttgart.de\" target=\"_blank\" rel=\"noopener noreferrer\">ssf@ssf-Stuttgart.de<\/a><\/p>\n<p><strong>Vereinsregistereintrag:<\/strong><br \/>\nRegistergericht: Stuttgart<br \/>\nRegisternummer: VR 1718<\/p>\n","protected":false},"excerpt":{"rendered":"<p>Impressum Angaben gem\u00e4\u00df \u00a75 TMG: SSF Stuttgart e. V. Gesch\u00e4ftsstelle Hauffstra\u00dfe 6 71101 Sch\u00f6naich Inhaltlich verantwortlicher Redakteur und Webmaster gem\u00e4\u00df \u00a755 Abs. 2 RStV: SSF Stuttgart e. V. 1. Vorsitzender Werner S\u00fclz Silcherstra\u00dfe 16 71299 Wimsheim Telefon +49 7044 905869 E-Mail: ssf@ssf-Stuttgart.de Vereinsregistereintrag: Registergericht: Stuttgart Registernummer: VR 1718<\/p>\n","protected":false},"author":1,"featured_media":0,"parent":0,"menu_order":9,"comment_status":"closed","ping_status":"closed","template":"","meta":{"footnotes":""},"class_list":["post-62","page","type-page","status-publish","hentry"],"_links":{"self":[{"href":"http:\/\/www.ssf-stuttgart.de\/wordpress\/wp-json\/wp\/v2\/pages\/62","targetHints":{"allow":["GET"]}}],"collection":[{"href":"http:\/\/www.ssf-stuttgart.de\/wordpress\/wp-json\/wp\/v2\/pages"}],"about":[{"href":"http:\/\/www.ssf-stuttgart.de\/wordpress\/wp-json\/wp\/v2\/types\/page"}],"author":[{"embeddable":true,"href":"http:\/\/www.ssf-stuttgart.de\/wordpress\/wp-json\/wp\/v2\/users\/1"}],"replies":[{"embeddable":true,"href":"http:\/\/www.ssf-stuttgart.de\/wordpress\/wp-json\/wp\/v2\/comments?post=62"}],"version-history":[{"count":7,"href":"http:\/\/www.ssf-stuttgart.de\/wordpress\/wp-json\/wp\/v2\/pages\/62\/revisions"}],"predecessor-version":[{"id":474,"href":"http:\/\/www.ssf-stuttgart.de\/wordpress\/wp-json\/wp\/v2\/pages\/62\/revisions\/474"}],"wp:attachment":[{"href":"http:\/\/www.ssf-stuttgart.de\/wordpress\/wp-json\/wp\/v2\/media?parent=62"}],"curies":[{"name":"wp","href":"https:\/\/api.w.org\/{rel}","templated":true}]}}