{"id":19,"date":"2016-01-23T19:42:27","date_gmt":"2016-01-23T18:42:27","guid":{"rendered":"http:\/\/www.ssf-stuttgart.de\/wordpress\/?page_id=19"},"modified":"2026-02-26T20:00:36","modified_gmt":"2026-02-26T19:00:36","slug":"camping-2","status":"publish","type":"page","link":"https:\/\/www.ssf-stuttgart.de\/wordpress\/park\/camping-2\/","title":{"rendered":"Camping"},"content":{"rendered":"<p><strong>Camping inmitten der Natur&#8230;<\/strong><\/p>\n<p>&#8230;bieten wir in unserem Sport- und Freizeitpark Wurmberg an. Rund 100 ruhig gelegene Wohnwagenstellpl\u00e4tze stehen f\u00fcr campingbegeisterte Naturisten zur Verf\u00fcgung.<\/p>\n<p>Nahe des Eingangs befinden sich auch Stellpl\u00e4tze f\u00fcr Wohnmobile. Die Stellpl\u00e4tze liegen zentral zwischen Vereinsheim und Sportanlagen und verf\u00fcgen jeweils \u00fcber separate Stromanschl\u00fcsse.<\/p>\n<p>Es gibt mehrere Wasser- und Abwasserstellen entlang des Hauptweges. Alle Pl\u00e4tze sind gut zug\u00e4nglich, damit jederzeit ein reibungsloses Abziehen oder Stellen der Wohnwagen erfolgen kann.<\/p>\n<p>Im nahegelegenen Vereinsheim und dem Sanit\u00e4rgeb\u00e4ude am anderen Ende der Anlage befinden sich die Duschen und Toiletten. F\u00fcr die sachgerechte Entsorgung der Chemietoiletten stehen, sowohl im Vereinsheim (Winter), als auch im Sanit\u00e4rgeb\u00e4ude (Sommer) die notwendigen Einrichtungen zur Verf\u00fcgung.<\/p>\n<p>Es existieren keine Z\u00e4une oder sonstige Abgrenzungen zwischen den Stellpl\u00e4tzen, um ein gutes, gemeinschaftliches Nachbarschaftsverh\u00e4ltnis zu pflegen.<\/p>\n<p>Alter Baumbestand spendet den Campern in den Sommermonaten ausreichend Schatten.<\/p>\n<p><strong>F\u00fcr Mitglieder haben wir noch eine geringe Anzahl von Ganzjahresstellpl\u00e4tzen frei. Dar\u00fcber hinaus stehen auch f\u00fcr Nichtmitglieder eine begrenzte Anzahl von Abstellpl\u00e4tzen auf Anfrage zur Verf\u00fcgung (Miete:25,00 Euro pro Monat)<\/strong><\/p>\n","protected":false},"excerpt":{"rendered":"<p>Camping inmitten der Natur&#8230; &#8230;bieten wir in unserem Sport- und Freizeitpark Wurmberg an. Rund 100 ruhig gelegene Wohnwagenstellpl\u00e4tze stehen f\u00fcr campingbegeisterte Naturisten zur Verf\u00fcgung. Nahe des Eingangs befinden sich auch Stellpl\u00e4tze f\u00fcr Wohnmobile. Die Stellpl\u00e4tze liegen zentral zwischen Vereinsheim und Sportanlagen und verf\u00fcgen jeweils \u00fcber separate Stromanschl\u00fcsse. Es gibt mehrere Wasser- und Abwasserstellen entlang des &hellip; <a href=\"https:\/\/www.ssf-stuttgart.de\/wordpress\/park\/camping-2\/\" class=\"more-link\"><span class=\"screen-reader-text\">Camping<\/span> weiterlesen <span class=\"meta-nav\">&rarr;<\/span><\/a><\/p>\n","protected":false},"author":1,"featured_media":0,"parent":2009,"menu_order":0,"comment_status":"closed","ping_status":"closed","template":"","meta":{"footnotes":""},"class_list":["post-19","page","type-page","status-publish","hentry"],"_links":{"self":[{"href":"https:\/\/www.ssf-stuttgart.de\/wordpress\/wp-json\/wp\/v2\/pages\/19","targetHints":{"allow":["GET"]}}],"collection":[{"href":"https:\/\/www.ssf-stuttgart.de\/wordpress\/wp-json\/wp\/v2\/pages"}],"about":[{"href":"https:\/\/www.ssf-stuttgart.de\/wordpress\/wp-json\/wp\/v2\/types\/page"}],"author":[{"embeddable":true,"href":"https:\/\/www.ssf-stuttgart.de\/wordpress\/wp-json\/wp\/v2\/users\/1"}],"replies":[{"embeddable":true,"href":"https:\/\/www.ssf-stuttgart.de\/wordpress\/wp-json\/wp\/v2\/comments?post=19"}],"version-history":[{"count":8,"href":"https:\/\/www.ssf-stuttgart.de\/wordpress\/wp-json\/wp\/v2\/pages\/19\/revisions"}],"predecessor-version":[{"id":2485,"href":"https:\/\/www.ssf-stuttgart.de\/wordpress\/wp-json\/wp\/v2\/pages\/19\/revisions\/2485"}],"up":[{"embeddable":true,"href":"https:\/\/www.ssf-stuttgart.de\/wordpress\/wp-json\/wp\/v2\/pages\/2009"}],"wp:attachment":[{"href":"https:\/\/www.ssf-stuttgart.de\/wordpress\/wp-json\/wp\/v2\/media?parent=19"}],"curies":[{"name":"wp","href":"https:\/\/api.w.org\/{rel}","templated":true}]}}