{"id":45,"date":"2016-01-23T21:25:49","date_gmt":"2016-01-23T20:25:49","guid":{"rendered":"http:\/\/www.ssf-stuttgart.de\/wordpress\/?page_id=45"},"modified":"2022-03-25T12:28:05","modified_gmt":"2022-03-25T11:28:05","slug":"jugend","status":"publish","type":"page","link":"https:\/\/www.ssf-stuttgart.de\/wordpress\/jugend\/","title":{"rendered":"Jugend"},"content":{"rendered":"<h3>Die SSF Jugend&#8230;<\/h3>\n<p>&#8230;stellt die Zukunft unseres Vereins dar und wird deshalb auch in jeder Hinsicht gef\u00f6rdert. Ein Jugenwart und ein perfekt organisiertes Jugendteam k\u00fcmmern sich um die Belange der Kinder und Jugendlichen des SSF Stuttgart.<\/p>\n<p>Verschiedene Bastelnachmittage zu Ostern und Weihnachten, ein Weihnachtsmarkt sowie eine traditionelle Nikolausfeier bereichern das Angebot. Eine Faschingsveranstaltung findet jedes Jahr statt.<\/p>\n<p>Ausfl\u00fcge und die M\u00f6glichkeit der Teilnahme an Veranstaltungen der <a href=\"https:\/\/www.fkk-jugend.de\/\" target=\"_blank\" rel=\"noopener noreferrer\">fkk-jugend e.V.<\/a> (wie beispielsweise Sommerzeltlager oder Skifreizeiten) bilden einen weiteren wichtigen Bestandteil der Jugendarbeit im SSF. Es besteht ein st\u00e4ndig prall gef\u00fcllter Terminkalender, um den Kindern und Jugendlichen jederzeit ein H\u00f6chstma\u00df an verschiedenen Unterhaltungsm\u00f6glichkeiten zu bieten. Sie kommen gerne mit ihren Eltern in unserem Sport- und Freizeitpark und unser Jugendteam (welches gr\u00f6\u00dftenteils aus Eltern besteht) sorgt daf\u00fcr, dass das auch so bleibt.<\/p>\n<p>Im Vereinsheim gibt es im EG einen Jugendraum mit Sitzecke, Fernsehger\u00e4t f\u00fcr seltene Schlechtwettertage, Musikanlage mit Lightshow, Dart und Tischkicker, um nur einige Highlights zu nennen.<\/p>\n<p>Im ersten Stock befindet sich der sogenannte KidsClub, der den Kleineren Mitgliedern die M\u00f6glichkeit bietet, sich mal richtig auszutoben.<\/p>\n","protected":false},"excerpt":{"rendered":"<p>Die SSF Jugend&#8230; &#8230;stellt die Zukunft unseres Vereins dar und wird deshalb auch in jeder Hinsicht gef\u00f6rdert. Ein Jugenwart und ein perfekt organisiertes Jugendteam k\u00fcmmern sich um die Belange der Kinder und Jugendlichen des SSF Stuttgart. Verschiedene Bastelnachmittage zu Ostern und Weihnachten, ein Weihnachtsmarkt sowie eine traditionelle Nikolausfeier bereichern das Angebot. Eine Faschingsveranstaltung findet jedes &hellip; <a href=\"https:\/\/www.ssf-stuttgart.de\/wordpress\/jugend\/\" class=\"more-link\"><span class=\"screen-reader-text\">Jugend<\/span> weiterlesen <span class=\"meta-nav\">&rarr;<\/span><\/a><\/p>\n","protected":false},"author":1,"featured_media":0,"parent":0,"menu_order":4,"comment_status":"closed","ping_status":"closed","template":"","meta":{"footnotes":""},"class_list":["post-45","page","type-page","status-publish","hentry"],"_links":{"self":[{"href":"https:\/\/www.ssf-stuttgart.de\/wordpress\/wp-json\/wp\/v2\/pages\/45","targetHints":{"allow":["GET"]}}],"collection":[{"href":"https:\/\/www.ssf-stuttgart.de\/wordpress\/wp-json\/wp\/v2\/pages"}],"about":[{"href":"https:\/\/www.ssf-stuttgart.de\/wordpress\/wp-json\/wp\/v2\/types\/page"}],"author":[{"embeddable":true,"href":"https:\/\/www.ssf-stuttgart.de\/wordpress\/wp-json\/wp\/v2\/users\/1"}],"replies":[{"embeddable":true,"href":"https:\/\/www.ssf-stuttgart.de\/wordpress\/wp-json\/wp\/v2\/comments?post=45"}],"version-history":[{"count":5,"href":"https:\/\/www.ssf-stuttgart.de\/wordpress\/wp-json\/wp\/v2\/pages\/45\/revisions"}],"predecessor-version":[{"id":1199,"href":"https:\/\/www.ssf-stuttgart.de\/wordpress\/wp-json\/wp\/v2\/pages\/45\/revisions\/1199"}],"wp:attachment":[{"href":"https:\/\/www.ssf-stuttgart.de\/wordpress\/wp-json\/wp\/v2\/media?parent=45"}],"curies":[{"name":"wp","href":"https:\/\/api.w.org\/{rel}","templated":true}]}}