{"id":47,"date":"2016-01-23T21:27:42","date_gmt":"2016-01-23T20:27:42","guid":{"rendered":"http:\/\/www.ssf-stuttgart.de\/wordpress\/?page_id=47"},"modified":"2024-07-03T12:14:26","modified_gmt":"2024-07-03T10:14:26","slug":"kidsclub","status":"publish","type":"page","link":"https:\/\/www.ssf-stuttgart.de\/wordpress\/jugend\/kidsclub\/","title":{"rendered":"KidsClub"},"content":{"rendered":"<h3>Der KidsClub&#8230;<\/h3>\n<p>&#8230;l\u00e4dt die j\u00fcngsten Mitglieder des SSF Stuttgart zum Spielen ein. Im ersten Stock befindet sich der sogenannte KidsClub, ein riesiger Raum der den kleineren Mitgliedern die M\u00f6glichkeit bietet, sich auch bei schlechtem Wetter oder wenn es dunkel wird noch mal richtig auf Matratzen oder am Tischkicker auszutoben.<\/p>\n<p>Es gibt eine Spielesammlung, Bastelutensilien und Papier sowie Stifte f\u00fcr die jungen K\u00fcnstler.<\/p>\n<p>Damit daf\u00fcr auch gen\u00fcgend Platz zur Verf\u00fcgung steht, sind hier ausreichend gro\u00dfe Tische und kindgerechte St\u00fchle vorhanden.<\/p>\n<p>Eine kleine tragbare Musikanlage kann von den Kindern zum Musik h\u00f6ren oder f\u00fcr H\u00f6rspiele genutzt werden. Ein kleines H\u00e4uschen mit Rutschbahn und eine variable Polsterspiellandschaft bieten die M\u00f6glichkeit, die turnerischen F\u00e4higkeiten auf die Probe zu stellen oder einfach in aller Ruhe zu relaxen.<\/p>\n<p>Ein weiterer Tischkicker f\u00fcr die Kleineren wurde Anfang 2008 vom Jugendteam in Betrieb genommen und erfreut sich nun st\u00e4ndig wachsender Beliebtheit.<\/p>\n<p>Gerade an Tagen mit schlechtem Wetter oder an Abenden in Herbst und Winter wird der KidsClub gerne besucht und erm\u00f6glicht den Kindern, weitere Freundschaften zu schlie\u00dfen.<\/p>\n<p>Auch Kinder von Neumitgliedern finden hier den n\u00f6tigen Anschluss sowie ihrem Alter entsprechende Spielkameraden.<\/p>\n","protected":false},"excerpt":{"rendered":"<p>Der KidsClub&#8230; &#8230;l\u00e4dt die j\u00fcngsten Mitglieder des SSF Stuttgart zum Spielen ein. Im ersten Stock befindet sich der sogenannte KidsClub, ein riesiger Raum der den kleineren Mitgliedern die M\u00f6glichkeit bietet, sich auch bei schlechtem Wetter oder wenn es dunkel wird noch mal richtig auf Matratzen oder am Tischkicker auszutoben. Es gibt eine Spielesammlung, Bastelutensilien und &hellip; <a href=\"https:\/\/www.ssf-stuttgart.de\/wordpress\/jugend\/kidsclub\/\" class=\"more-link\"><span class=\"screen-reader-text\">KidsClub<\/span> weiterlesen <span class=\"meta-nav\">&rarr;<\/span><\/a><\/p>\n","protected":false},"author":1,"featured_media":0,"parent":45,"menu_order":0,"comment_status":"closed","ping_status":"closed","template":"","meta":{"footnotes":""},"class_list":["post-47","page","type-page","status-publish","hentry"],"_links":{"self":[{"href":"https:\/\/www.ssf-stuttgart.de\/wordpress\/wp-json\/wp\/v2\/pages\/47","targetHints":{"allow":["GET"]}}],"collection":[{"href":"https:\/\/www.ssf-stuttgart.de\/wordpress\/wp-json\/wp\/v2\/pages"}],"about":[{"href":"https:\/\/www.ssf-stuttgart.de\/wordpress\/wp-json\/wp\/v2\/types\/page"}],"author":[{"embeddable":true,"href":"https:\/\/www.ssf-stuttgart.de\/wordpress\/wp-json\/wp\/v2\/users\/1"}],"replies":[{"embeddable":true,"href":"https:\/\/www.ssf-stuttgart.de\/wordpress\/wp-json\/wp\/v2\/comments?post=47"}],"version-history":[{"count":6,"href":"https:\/\/www.ssf-stuttgart.de\/wordpress\/wp-json\/wp\/v2\/pages\/47\/revisions"}],"predecessor-version":[{"id":2206,"href":"https:\/\/www.ssf-stuttgart.de\/wordpress\/wp-json\/wp\/v2\/pages\/47\/revisions\/2206"}],"up":[{"embeddable":true,"href":"https:\/\/www.ssf-stuttgart.de\/wordpress\/wp-json\/wp\/v2\/pages\/45"}],"wp:attachment":[{"href":"https:\/\/www.ssf-stuttgart.de\/wordpress\/wp-json\/wp\/v2\/media?parent=47"}],"curies":[{"name":"wp","href":"https:\/\/api.w.org\/{rel}","templated":true}]}}