{"id":6,"date":"2016-01-23T19:22:50","date_gmt":"2016-01-23T18:22:50","guid":{"rendered":"http:\/\/www.ssf-stuttgart.de\/wordpress\/?page_id=6"},"modified":"2026-02-26T20:12:16","modified_gmt":"2026-02-26T19:12:16","slug":"warum-2","status":"publish","type":"page","link":"https:\/\/www.ssf-stuttgart.de\/wordpress\/hallo\/warum-2\/","title":{"rendered":"Warum?"},"content":{"rendered":"<h3>Warum Naturismus?<\/h3>\n<p>Kleidung ist Schutz gegen K\u00e4lte und Voraussetzung menschlichen Zusammenlebens in einer zivilisierten Gemeinschaft.<\/p>\n<p>Kleidung kann auch Mode sein und immer noch Klassenunterschiede deutlich machen. Nacktheit bei gegebenem Anlass, in der Sonne auf der Liegewiese, bei Sport und Spiel im Freien sowie in der Sauna, dient nicht nur der Gesundheit, sondern auch der L\u00f6sung von Komplexen.<\/p>\n<p>Gemeinsame Nacktheit in nat\u00fcrlicher Umwelt zeigt betont, dass Nacktheit keine Blo\u00dfstellung ist, sondern Ausdruck f\u00fcr wirkliche Gleichheit beider Geschlechter. Die Naturisten Vereine wollen Br\u00fccke sein zwischen moderner Umwelt und Natur.<\/p>\n<p>Sie wollen durch das Angebot einer sinnvollen Familien-Freizeit den in der modernen Zivilisation lebenden Menschen bei der R\u00fcckbesinnung auf das Nat\u00fcrliche behilflich sein.<\/p>\n<p>Die Freik\u00f6rperkultur ist keine Weltanschauung.<\/p>\n<p>Beim Schwimmen und in der Sauna ist Nacktheit selbstverst\u00e4ndlich, in Turnhallen wird grunds\u00e4tzlich Sportkleidung getragen.<\/p>\n<p>Im Freizeitpark bewegt man sich nackt, wenn die Witterung und die Umst\u00e4nde dies zulassen.<\/p>\n","protected":false},"excerpt":{"rendered":"<p>Warum Naturismus? Kleidung ist Schutz gegen K\u00e4lte und Voraussetzung menschlichen Zusammenlebens in einer zivilisierten Gemeinschaft. Kleidung kann auch Mode sein und immer noch Klassenunterschiede deutlich machen. Nacktheit bei gegebenem Anlass, in der Sonne auf der Liegewiese, bei Sport und Spiel im Freien sowie in der Sauna, dient nicht nur der Gesundheit, sondern auch der L\u00f6sung &hellip; <a href=\"https:\/\/www.ssf-stuttgart.de\/wordpress\/hallo\/warum-2\/\" class=\"more-link\"><span class=\"screen-reader-text\">Warum?<\/span> weiterlesen <span class=\"meta-nav\">&rarr;<\/span><\/a><\/p>\n","protected":false},"author":1,"featured_media":0,"parent":1995,"menu_order":0,"comment_status":"closed","ping_status":"closed","template":"","meta":{"footnotes":""},"class_list":["post-6","page","type-page","status-publish","hentry"],"_links":{"self":[{"href":"https:\/\/www.ssf-stuttgart.de\/wordpress\/wp-json\/wp\/v2\/pages\/6","targetHints":{"allow":["GET"]}}],"collection":[{"href":"https:\/\/www.ssf-stuttgart.de\/wordpress\/wp-json\/wp\/v2\/pages"}],"about":[{"href":"https:\/\/www.ssf-stuttgart.de\/wordpress\/wp-json\/wp\/v2\/types\/page"}],"author":[{"embeddable":true,"href":"https:\/\/www.ssf-stuttgart.de\/wordpress\/wp-json\/wp\/v2\/users\/1"}],"replies":[{"embeddable":true,"href":"https:\/\/www.ssf-stuttgart.de\/wordpress\/wp-json\/wp\/v2\/comments?post=6"}],"version-history":[{"count":3,"href":"https:\/\/www.ssf-stuttgart.de\/wordpress\/wp-json\/wp\/v2\/pages\/6\/revisions"}],"predecessor-version":[{"id":2488,"href":"https:\/\/www.ssf-stuttgart.de\/wordpress\/wp-json\/wp\/v2\/pages\/6\/revisions\/2488"}],"up":[{"embeddable":true,"href":"https:\/\/www.ssf-stuttgart.de\/wordpress\/wp-json\/wp\/v2\/pages\/1995"}],"wp:attachment":[{"href":"https:\/\/www.ssf-stuttgart.de\/wordpress\/wp-json\/wp\/v2\/media?parent=6"}],"curies":[{"name":"wp","href":"https:\/\/api.w.org\/{rel}","templated":true}]}}